{"id":267,"date":"2026-03-17T14:35:01","date_gmt":"2026-03-17T17:35:01","guid":{"rendered":"https:\/\/samuraisjc.com.br\/?post_type=product&#038;p=267"},"modified":"2026-03-30T10:18:29","modified_gmt":"2026-03-30T13:18:29","slug":"3-tomadas-20a-monobloco-i9-ilumi","status":"publish","type":"product","link":"https:\/\/samuraisjc.com.br\/?product=3-tomadas-20a-monobloco-i9-ilumi","title":{"rendered":"3 Tomadas 20A Monobloco I9 ILUMI"},"content":{"rendered":"<p data-end=\"217\" data-start=\"155\">\ud83d\udd0c\u00a0<strong data-end=\"214\" data-start=\"158\">Tomada M\u00faltipla Monobloco ILUMI 3 Entradas &#8211; Linha I9<\/strong>\u00a0\ud83d\udd0c<\/p>\n<p data-end=\"266\" data-start=\"219\">\u2705\u00a0<strong data-end=\"266\" data-start=\"221\">Produto Original com Certifica\u00e7\u00e3o Inmetro<\/strong><\/p>\n<p data-end=\"559\" data-start=\"268\">A Tomada ILUMI Linha I9 com 3 entradas \u00e9 a solu\u00e7\u00e3o ideal para quem procura praticidade, seguran\u00e7a e efici\u00eancia na instala\u00e7\u00e3o el\u00e9trica. Seu exclusivo\u00a0<strong data-end=\"437\" data-start=\"416\">sistema monobloco<\/strong>\u00a0elimina a necessidade de jumpers entre os m\u00f3dulos, garantindo uma instala\u00e7\u00e3o mais r\u00e1pida, segura e com melhor acabamento.<\/p>\n<p data-end=\"581\" data-start=\"561\"><strong data-end=\"581\" data-start=\"561\">Caracter\u00edsticas:<\/strong><\/p>\n<ul data-end=\"819\" data-start=\"582\">\n<li data-end=\"626\" data-start=\"582\">\n<p data-end=\"626\" data-start=\"584\">3 Tomadas no padr\u00e3o brasileiro (NBR 14136)<\/p>\n<\/li>\n<li data-end=\"681\" data-start=\"627\">\n<p data-end=\"681\" data-start=\"629\">Sistema Monobloco: n\u00e3o precisa de jump entre m\u00f3dulos<\/p>\n<\/li>\n<li data-end=\"715\" data-start=\"682\">\n<p data-end=\"715\" data-start=\"684\">Alta durabilidade e resist\u00eancia<\/p>\n<\/li>\n<li data-end=\"760\" data-start=\"716\">\n<p data-end=\"760\" data-start=\"718\">Design moderno com acabamento de qualidade<\/p>\n<\/li>\n<li data-end=\"779\" data-start=\"761\">\n<p data-end=\"779\" data-start=\"763\">F\u00e1cil instala\u00e7\u00e3o<\/p>\n<\/li>\n<li data-end=\"819\" data-start=\"780\">\n<p data-end=\"819\" data-start=\"782\">Produto com selo de seguran\u00e7a Inmetro<\/p>\n<\/li>\n<\/ul>\n<p data-end=\"893\" data-start=\"821\"><strong data-end=\"836\" data-start=\"821\">Ideal para:<\/strong>\u00a0resid\u00eancias, escrit\u00f3rios, com\u00e9rcios e reformas em geral.<\/p>\n<p data-end=\"918\" data-start=\"895\">\ud83d\udce6\u00a0<strong data-end=\"918\" data-start=\"898\">Cont\u00e9m 1 unidade<\/strong><\/p>\n<p data-end=\"994\" data-start=\"920\">Transforme a sua instala\u00e7\u00e3o el\u00e9trica com a qualidade e confian\u00e7a<\/p>\n","protected":false},"excerpt":{"rendered":"<p>\ud83d\udd0c\u00a0Tomada M\u00faltipla Monobloco ILUMI 3 Entradas &#8211; Linha I9\u00a0\ud83d\udd0c \u2705\u00a0Produto Original com Certifica\u00e7\u00e3o Inmetro A Tomada ILUMI Linha I9 com 3 entradas \u00e9 a solu\u00e7\u00e3o ideal para quem procura praticidade, seguran\u00e7a e efici\u00eancia na instala\u00e7\u00e3o el\u00e9trica. Seu exclusivo\u00a0sistema monobloco\u00a0elimina a necessidade de jumpers entre os m\u00f3dulos, garantindo uma instala\u00e7\u00e3o mais r\u00e1pida, segura e com melhor [&hellip;]<\/p>\n","protected":false},"featured_media":261,"comment_status":"open","ping_status":"closed","template":"","meta":[],"product_brand":[44,43],"product_cat":[19],"product_tag":[],"class_list":{"0":"post-267","1":"product","2":"type-product","3":"status-publish","4":"has-post-thumbnail","6":"product_brand-i9","7":"product_brand-ilumi","8":"product_cat-iluminacao","10":"first","11":"instock","12":"shipping-taxable","13":"purchasable","14":"product-type-simple"},"_links":{"self":[{"href":"https:\/\/samuraisjc.com.br\/index.php?rest_route=\/wp\/v2\/product\/267","targetHints":{"allow":["GET"]}}],"collection":[{"href":"https:\/\/samuraisjc.com.br\/index.php?rest_route=\/wp\/v2\/product"}],"about":[{"href":"https:\/\/samuraisjc.com.br\/index.php?rest_route=\/wp\/v2\/types\/product"}],"replies":[{"embeddable":true,"href":"https:\/\/samuraisjc.com.br\/index.php?rest_route=%2Fwp%2Fv2%2Fcomments&post=267"}],"wp:featuredmedia":[{"embeddable":true,"href":"https:\/\/samuraisjc.com.br\/index.php?rest_route=\/wp\/v2\/media\/261"}],"wp:attachment":[{"href":"https:\/\/samuraisjc.com.br\/index.php?rest_route=%2Fwp%2Fv2%2Fmedia&parent=267"}],"wp:term":[{"taxonomy":"product_brand","embeddable":true,"href":"https:\/\/samuraisjc.com.br\/index.php?rest_route=%2Fwp%2Fv2%2Fproduct_brand&post=267"},{"taxonomy":"product_cat","embeddable":true,"href":"https:\/\/samuraisjc.com.br\/index.php?rest_route=%2Fwp%2Fv2%2Fproduct_cat&post=267"},{"taxonomy":"product_tag","embeddable":true,"href":"https:\/\/samuraisjc.com.br\/index.php?rest_route=%2Fwp%2Fv2%2Fproduct_tag&post=267"}],"curies":[{"name":"wp","href":"https:\/\/api.w.org\/{rel}","templated":true}]}}